{"id":2777,"date":"2024-12-27T11:56:33","date_gmt":"2024-12-27T11:56:33","guid":{"rendered":"https:\/\/chcemybycsoba.eu\/?page_id=2777"},"modified":"2024-12-27T12:18:30","modified_gmt":"2024-12-27T12:18:30","slug":"polityka-prywatnosci-aplikacja","status":"publish","type":"page","link":"https:\/\/chcemybycsoba.eu\/en\/polityka-prywatnosci-aplikacja\/","title":{"rendered":"Polityka Prywatno\u015bci"},"content":{"rendered":"<div data-elementor-type=\"wp-page\" data-elementor-id=\"2777\" class=\"elementor elementor-2777\" data-elementor-post-type=\"page\">\n\t\t\t\t<div class=\"elementor-element elementor-element-853c927 elementor-hidden-tablet elementor-hidden-mobile e-flex e-con-boxed e-con e-parent\" data-id=\"853c927\" data-element_type=\"container\" data-settings=\"{&quot;background_background&quot;:&quot;gradient&quot;}\">\n\t\t\t\t\t<div class=\"e-con-inner\">\n\t\t<div class=\"elementor-element elementor-element-3e37631 e-con-full e-flex e-con e-child\" data-id=\"3e37631\" data-element_type=\"container\">\n\t\t<div class=\"elementor-element elementor-element-da89836 e-con-full e-flex e-con e-child\" data-id=\"da89836\" data-element_type=\"container\">\n\t\t\t\t<div class=\"elementor-element elementor-element-bcea826 elementor-hidden-desktop elementor-hidden-tablet elementor-hidden-mobile elementor-view-default elementor-widget elementor-widget-icon\" data-id=\"bcea826\" data-element_type=\"widget\" data-widget_type=\"icon.default\">\n\t\t\t\t<div class=\"elementor-widget-container\">\n\t\t\t\t\t<div class=\"elementor-icon-wrapper\">\n\t\t\t<div class=\"elementor-icon\">\n\t\t\t<svg xmlns=\"http:\/\/www.w3.org\/2000\/svg\" width=\"46\" height=\"38\" viewbox=\"0 0 46 38\" fill=\"none\"><path d=\"M33.5 35.1752H44V31.0502C43.9999 29.7643 43.5919 28.5103 42.8327 27.4627C42.0735 26.4151 41.0008 25.6258 39.7638 25.2045C38.5267 24.7833 37.1868 24.751 35.9302 25.1123C34.6737 25.4735 33.5629 26.2102 32.7524 27.2201M33.5 35.1752H12.5M33.5 35.1752V31.0502C33.5 29.6972 33.2354 28.404 32.7524 27.2201M32.7524 27.2201C31.9726 25.306 30.6267 23.6653 28.8884 22.5096C27.1501 21.3539 25.0991 20.7362 23 20.7362C20.9009 20.7362 18.8499 21.3539 17.1116 22.5096C15.3733 23.6653 14.0274 25.306 13.2476 27.2201M12.5 35.1752H2V31.0502C2.0001 29.7643 2.4081 28.5103 3.16731 27.4627C3.92651 26.4151 4.99919 25.6258 6.23623 25.2045C7.47326 24.7833 8.81319 24.751 10.0697 25.1123C11.3263 25.4735 12.4371 26.2102 13.2476 27.2201M12.5 35.1752V31.0502C12.5 29.6972 12.7646 28.404 13.2476 27.2201M29.3 8.36267C29.3 10.0037 28.6363 11.5775 27.4548 12.7379C26.2733 13.8983 24.6709 14.5502 23 14.5502C21.3291 14.5502 19.7267 13.8983 18.5452 12.7379C17.3637 11.5775 16.7 10.0037 16.7 8.36267C16.7 6.72164 17.3637 5.14783 18.5452 3.98745C19.7267 2.82707 21.3291 2.17517 23 2.17517C24.6709 2.17517 26.2733 2.82707 27.4548 3.98745C28.6363 5.14783 29.3 6.72164 29.3 8.36267ZM41.9 14.5502C41.9 15.6442 41.4575 16.6934 40.6698 17.467C39.8822 18.2406 38.8139 18.6752 37.7 18.6752C36.5861 18.6752 35.5178 18.2406 34.7302 17.467C33.9425 16.6934 33.5 15.6442 33.5 14.5502C33.5 13.4562 33.9425 12.4069 34.7302 11.6334C35.5178 10.8598 36.5861 10.4252 37.7 10.4252C38.8139 10.4252 39.8822 10.8598 40.6698 11.6334C41.4575 12.4069 41.9 13.4562 41.9 14.5502ZM12.5 14.5502C12.5 15.6442 12.0575 16.6934 11.2698 17.467C10.4822 18.2406 9.41391 18.6752 8.3 18.6752C7.18609 18.6752 6.1178 18.2406 5.33015 17.467C4.5425 16.6934 4.1 15.6442 4.1 14.5502C4.1 13.4562 4.5425 12.4069 5.33015 11.6334C6.1178 10.8598 7.18609 10.4252 8.3 10.4252C9.41391 10.4252 10.4822 10.8598 11.2698 11.6334C12.0575 12.4069 12.5 13.4562 12.5 14.5502Z\" stroke=\"#1E458D\" stroke-width=\"4\" stroke-linecap=\"round\" stroke-linejoin=\"round\"><\/path><\/svg>\t\t\t<\/div>\n\t\t<\/div>\n\t\t\t\t<\/div>\n\t\t\t\t<\/div>\n\t\t\t\t<\/div>\n\t\t\t\t<\/div>\n\t\t\t\t\t<\/div>\n\t\t\t\t<\/div>\n\t\t<div class=\"elementor-element elementor-element-c932a86 elementor-hidden-desktop e-flex e-con-boxed e-con e-parent\" data-id=\"c932a86\" data-element_type=\"container\" data-settings=\"{&quot;background_background&quot;:&quot;gradient&quot;}\">\n\t\t\t\t\t<div class=\"e-con-inner\">\n\t\t<div class=\"elementor-element elementor-element-135e579 e-con-full e-flex e-con e-child\" data-id=\"135e579\" data-element_type=\"container\">\n\t\t<div class=\"elementor-element elementor-element-cefc682 e-con-full e-flex e-con e-child\" data-id=\"cefc682\" data-element_type=\"container\">\n\t\t\t\t<div class=\"elementor-element elementor-element-a5b80ef elementor-hidden-desktop elementor-hidden-tablet elementor-hidden-mobile elementor-view-default elementor-widget elementor-widget-icon\" data-id=\"a5b80ef\" data-element_type=\"widget\" data-widget_type=\"icon.default\">\n\t\t\t\t<div class=\"elementor-widget-container\">\n\t\t\t\t\t<div class=\"elementor-icon-wrapper\">\n\t\t\t<div class=\"elementor-icon\">\n\t\t\t<svg xmlns=\"http:\/\/www.w3.org\/2000\/svg\" width=\"46\" height=\"38\" viewbox=\"0 0 46 38\" fill=\"none\"><path d=\"M33.5 35.1752H44V31.0502C43.9999 29.7643 43.5919 28.5103 42.8327 27.4627C42.0735 26.4151 41.0008 25.6258 39.7638 25.2045C38.5267 24.7833 37.1868 24.751 35.9302 25.1123C34.6737 25.4735 33.5629 26.2102 32.7524 27.2201M33.5 35.1752H12.5M33.5 35.1752V31.0502C33.5 29.6972 33.2354 28.404 32.7524 27.2201M32.7524 27.2201C31.9726 25.306 30.6267 23.6653 28.8884 22.5096C27.1501 21.3539 25.0991 20.7362 23 20.7362C20.9009 20.7362 18.8499 21.3539 17.1116 22.5096C15.3733 23.6653 14.0274 25.306 13.2476 27.2201M12.5 35.1752H2V31.0502C2.0001 29.7643 2.4081 28.5103 3.16731 27.4627C3.92651 26.4151 4.99919 25.6258 6.23623 25.2045C7.47326 24.7833 8.81319 24.751 10.0697 25.1123C11.3263 25.4735 12.4371 26.2102 13.2476 27.2201M12.5 35.1752V31.0502C12.5 29.6972 12.7646 28.404 13.2476 27.2201M29.3 8.36267C29.3 10.0037 28.6363 11.5775 27.4548 12.7379C26.2733 13.8983 24.6709 14.5502 23 14.5502C21.3291 14.5502 19.7267 13.8983 18.5452 12.7379C17.3637 11.5775 16.7 10.0037 16.7 8.36267C16.7 6.72164 17.3637 5.14783 18.5452 3.98745C19.7267 2.82707 21.3291 2.17517 23 2.17517C24.6709 2.17517 26.2733 2.82707 27.4548 3.98745C28.6363 5.14783 29.3 6.72164 29.3 8.36267ZM41.9 14.5502C41.9 15.6442 41.4575 16.6934 40.6698 17.467C39.8822 18.2406 38.8139 18.6752 37.7 18.6752C36.5861 18.6752 35.5178 18.2406 34.7302 17.467C33.9425 16.6934 33.5 15.6442 33.5 14.5502C33.5 13.4562 33.9425 12.4069 34.7302 11.6334C35.5178 10.8598 36.5861 10.4252 37.7 10.4252C38.8139 10.4252 39.8822 10.8598 40.6698 11.6334C41.4575 12.4069 41.9 13.4562 41.9 14.5502ZM12.5 14.5502C12.5 15.6442 12.0575 16.6934 11.2698 17.467C10.4822 18.2406 9.41391 18.6752 8.3 18.6752C7.18609 18.6752 6.1178 18.2406 5.33015 17.467C4.5425 16.6934 4.1 15.6442 4.1 14.5502C4.1 13.4562 4.5425 12.4069 5.33015 11.6334C6.1178 10.8598 7.18609 10.4252 8.3 10.4252C9.41391 10.4252 10.4822 10.8598 11.2698 11.6334C12.0575 12.4069 12.5 13.4562 12.5 14.5502Z\" stroke=\"#1E458D\" stroke-width=\"4\" stroke-linecap=\"round\" stroke-linejoin=\"round\"><\/path><\/svg>\t\t\t<\/div>\n\t\t<\/div>\n\t\t\t\t<\/div>\n\t\t\t\t<\/div>\n\t\t\t\t<\/div>\n\t\t\t\t<\/div>\n\t\t\t\t\t<\/div>\n\t\t\t\t<\/div>\n\t\t<div class=\"elementor-element elementor-element-5839aab e-flex e-con-boxed e-con e-parent\" data-id=\"5839aab\" data-element_type=\"container\">\n\t\t\t\t\t<div class=\"e-con-inner\">\n\t\t<div class=\"elementor-element elementor-element-9774646 e-con-full e-flex e-con e-child\" data-id=\"9774646\" data-element_type=\"container\">\n\t\t<div class=\"elementor-element elementor-element-7d0c2a7 e-con-full e-flex e-con e-child\" data-id=\"7d0c2a7\" data-element_type=\"container\">\n\t\t\t\t<div class=\"elementor-element elementor-element-3c346ba elementor-widget elementor-widget-heading\" data-id=\"3c346ba\" data-element_type=\"widget\" data-widget_type=\"heading.default\">\n\t\t\t\t<div class=\"elementor-widget-container\">\n\t\t\t<style>\/*! elementor - v3.23.0 - 05-08-2024 *\/\n.elementor-heading-title{padding:0;margin:0;line-height:1}.elementor-widget-heading .elementor-heading-title[class*=elementor-size-]>a{color:inherit;font-size:inherit;line-height:inherit}.elementor-widget-heading .elementor-heading-title.elementor-size-small{font-size:15px}.elementor-widget-heading .elementor-heading-title.elementor-size-medium{font-size:19px}.elementor-widget-heading .elementor-heading-title.elementor-size-large{font-size:29px}.elementor-widget-heading .elementor-heading-title.elementor-size-xl{font-size:39px}.elementor-widget-heading .elementor-heading-title.elementor-size-xxl{font-size:59px}<\/style><h2 class=\"elementor-heading-title elementor-size-default\">Polityka prywatno\u015bci<\/h2>\t\t<\/div>\n\t\t\t\t<\/div>\n\t\t\t\t<\/div>\n\t\t\t\t<div class=\"elementor-element elementor-element-26a17cb elementor-widget elementor-widget-text-editor\" data-id=\"26a17cb\" data-element_type=\"widget\" data-widget_type=\"text-editor.default\">\n\t\t\t\t<div class=\"elementor-widget-container\">\n\t\t\t<style>\/*! elementor - v3.23.0 - 05-08-2024 *\/\n.elementor-widget-text-editor.elementor-drop-cap-view-stacked .elementor-drop-cap{background-color:#69727d;color:#fff}.elementor-widget-text-editor.elementor-drop-cap-view-framed .elementor-drop-cap{color:#69727d;border:3px solid;background-color:transparent}.elementor-widget-text-editor:not(.elementor-drop-cap-view-default) .elementor-drop-cap{margin-top:8px}.elementor-widget-text-editor:not(.elementor-drop-cap-view-default) .elementor-drop-cap-letter{width:1em;height:1em}.elementor-widget-text-editor .elementor-drop-cap{float:left;text-align:center;line-height:1;font-size:50px}.elementor-widget-text-editor .elementor-drop-cap-letter{display:inline-block}<\/style>\t\t\t\t<ol><li>Niniejszy dokument, nazywany dalej \u201ePolityk\u0105 Prywatno\u015bci&#8221;, okre\u015bla zasady i zakres przetwarzania i ochrony danych osobowych przekazanych przez U\u017cytkownik\u00f3w (osoby korzystaj\u0105ce z Aplikacji Mobilnej Chcemy By\u0107 Sob\u0105), prawa przys\u0142uguj\u0105ce U\u017cytkownikom oraz obowi\u0105zki Administratora jako Administratora danych osobowych.<\/li><\/ol><ol class=\"ol1\"><li class=\"li1\">W\u0142a\u015bcicielem i administratorem danych osobowych U\u017cytkownik\u00f3w jest Towarzystwo T\u0142umaczy i Wyk\u0142adowc\u00f3w J\u0119zyka Migowego GEST z siedzib\u0105 w Poznaniu, przy ul. Wyspia\u0144skiego 13\/6 pod numerem KRS 0000357326, NIP: 6161544240, REGON: 021274758, reprezentowane przez Prezesa Zarz\u0105du Olgierda Kosib\u0119 (dalej jako \u201eAdministrator&#8221;), e-mail: <a href=\"mailto:biuro@towarzystwogest.eu\"><span class=\"s1\">biuro@towarzystwogest.eu<\/span><\/a>,<span class=\"Apple-converted-space\">\u00a0 <\/span>telefon +48\u00a0692\u00a0416\u00a0823.<span class=\"Apple-converted-space\">\u00a0 <\/span>W przypadku jakichkolwiek pyta\u0144 dotycz\u0105cych niniejszej Polityki prywatno\u015bci prosimy o kontakt za po\u015brednictwem poczty elektronicznej na adres: <a href=\"mailto:biuro@towarzystwogest.eu\"><span class=\"s1\">biuro@towarzystwogest.eu<\/span><\/a> lub te\u017c pisemnie na adres: ul. Wyspia\u0144skiego 13\/6, 60-749 Pozna\u0144<\/li><li class=\"li1\">Administrator przetwarza dane osobowe U\u017cytkownik\u00f3w zgodnie z rozporz\u0105dzeniem Parlamentu Europejskiego i Rady (UE) 2016\/679 z dnia 27 kwietnia 2016 r. w sprawie ochrony os\u00f3b fizycznych w zwi\u0105zku z przetwarzaniem danych osobowych i w sprawie swobodnego przep\u0142ywu takich danych oraz uchylenia dyrektywy 95\/46\/WE (dalej jako \u201eRODO&#8221;).<\/li><li class=\"li1\">Aplikacja realizuje funkcje pozyskiwania informacji o u\u017cytkownikach i ich zachowaniu poprzez dobrowolnie wprowadzone przez u\u017cytkownik\u00f3w informacje w formularzach,<\/li><li class=\"li1\">Aplikacja zbiera informacje podane dobrowolnie przez u\u017cytkownik\u00f3w, w tym:<\/li><\/ol><ul class=\"ul1\"><li class=\"li1\">dane wprowadzone w ramach Forum (np. imi\u0119 lub pseudonim, tre\u015b\u0107 wpisu),<\/li><li class=\"li1\">dane dotycz\u0105ce przypomnie\u0144 o lekach (np. nazwa leku, godzina przypomnienia),<\/li><li class=\"li1\">odpowiedzi na quizy, kt\u00f3re s\u0105 przechowywane lokalnie lub w chmurze, w zale\u017cno\u015bci od ustawie\u0144 u\u017cytkownika.<\/li><\/ul><p>\u00a0<\/p><p>6. Aplikacja mo\u017ce zapisywa\u0107 parametry po\u0142\u0105czenia u\u017cytkownika, takie jak oznaczenie czasu, adres IP i dane techniczne urz\u0105dzenia.<\/p><p>7. Administrator nie przetwarza danych osobowych szczeg\u00f3lnej kategorii w rozumieniu art. 9 RODO, ani te\u017c danych dotycz\u0105cych wyrok\u00f3w skazuj\u0105cych i czyn\u00f3w zabronionych w rozumieniu art. 10 RODO.<\/p><p>8. Dane u\u017cytkownik\u00f3w nie s\u0105 udost\u0119pniane podmiotom trzecim bez zgody u\u017cytkownika, chyba \u017ce wynika to z obowi\u0105zuj\u0105cych przepis\u00f3w prawa.<\/p><p>9. Wszystkie dane s\u0105 przechowywane zgodnie z wymaganiami przepis\u00f3w o ochronie danych osobowych, w tym RODO.<\/p><p>10. Dane podane w formularzach, na Forum oraz w quizach mog\u0105 by\u0107 przetwarzane w celu zapewnienia funkcjonalno\u015bci aplikacji, w tym:<\/p><ul class=\"ul1\"><li class=\"li1\">publikacji wpis\u00f3w na Forum,<\/li><li class=\"li1\">generowania wynik\u00f3w quiz\u00f3w i statystyk,<\/li><li class=\"li1\">wysy\u0142ania przypomnie\u0144 o lekach zgodnie z ustawieniami u\u017cytkownika.<\/li><\/ul><p>\u00a0<\/p><p>11. Dane s\u0105 przechowywane w bazie danych, do kt\u00f3rej dost\u0119p ma jedynie administrator aplikacji, z zastosowaniem odpowiednich zabezpiecze\u0144 technicznych i organizacyjnych.<\/p><p>12. Wyra\u017cenie zgody na przetwarzanie danych osobowych jest ca\u0142kowicie dobrowolne, jednak w pewnych przypadkach brak udzielenia zgody mo\u017ce uniemo\u017cliwi\u0107 z us\u0142ug Administratora.<\/p><p>13. U\u017cytkownik ma prawo wycofania zgody w dowolnym momencie. Cofni\u0119cie zgody nie wp\u0142ywa na zgodno\u015b\u0107 z prawem przetwarzania danych osobowych, kt\u00f3rego dokonano na podstawie zgody przed jej wycofaniem. Zgoda mo\u017ce by\u0107 wycofana poprzez wys\u0142anie wiadomo\u015bci e-mail na adres: biuro@towarzystwogest.eu<\/p><p>14. Dane osobowe U\u017cytkownik\u00f3w b\u0119d\u0105 przechowywane przez okres, w kt\u00f3rym posiadaj\u0105 przydatno\u015b\u0107 do celu, w jakim zosta\u0142y zebrane, nie kr\u00f3cej jednak ni\u017c przez okres przedawnienia wzajemnych roszcze\u0144, okres, przez kt\u00f3ry administrator zobowi\u0105zany jest przetwarza\u0107 dane na podstawie obowi\u0105zuj\u0105cych przepis\u00f3w prawa, w zale\u017cno\u015bci, kt\u00f3ry z tych okres\u00f3w b\u0119dzie trwa\u0142 najd\u0142u\u017cej, a w przypadku danych przetwarzanych na podstawie zgody &#8211; nie d\u0142u\u017cej ni\u017c do czasu jej odwo\u0142ania.<\/p><p>15. U\u017cytkownikom przys\u0142uguje:<\/p><ul class=\"ul1\"><li class=\"li2\">prawo do \u017c\u0105dania dost\u0119pu do swoich danych osobowych, w tym otrzymania ich kopii,<\/li><li class=\"li2\">prawo do sprostowania (poprawienia) swoich danych osobowych,<\/li><li class=\"li2\">prawo do \u017c\u0105dania usuni\u0119cia swoich danych osobowych,<\/li><li class=\"li2\">prawo do ograniczenia przetwarzania swoich danych osobowych &#8211; U\u017cytkownik mo\u017ce za\u017c\u0105da\u0107, aby Administrator ograniczy\u0142 przetwarzanie danych osobowych U\u017cytkownika wy\u0142\u0105cznie do ich przechowywania lub wykonywania uzgodnionych z U\u017cytkownikiem dzia\u0142a\u0144, je\u017celi:<\/li><\/ul><ol class=\"ol2\"><li class=\"li2\">jego zdaniem Administrator posiada nieprawid\u0142owe dane osobowe na okres pozwalaj\u0105cy Administratorowi sprawdzi\u0107 prawid\u0142owo\u015b\u0107 tych danych;<\/li><li class=\"li2\">przetwarzanie danych osobowych jest niezgodne z prawem, a U\u017cytkownik, kt\u00f3rego dane dotycz\u0105, sprzeciwia si\u0119 usuni\u0119ciu danych osobowych, \u017c\u0105daj\u0105c w zamian ograniczenia ich wykorzystywania;<\/li><li class=\"li2\">U\u017cytkownik nie chce, \u017ceby Administrator usun\u0105\u0142 jego dane osobowe, bo s\u0105 mu one potrzebne do ustalenia, dochodzenia lub obrony roszcze\u0144;<\/li><li class=\"li2\">U\u017cytkownik wni\u00f3s\u0142 sprzeciw wobec przetwarzania danych &#8211; do czasu rozpatrzenia sprzeciwu;<\/li><\/ol><ul class=\"ul1\"><li class=\"li2\">prawo do przenoszenia danych osobowych. U\u017cytkownik ma prawo:<\/li><\/ul><ol class=\"ol2\"><li class=\"li2\">otrzyma\u0107 od Administratora dane osobowe, kt\u00f3re mu dostarczy\u0142, w ustrukturyzowanym, powszechnie u\u017cywanym formacie nadaj\u0105cym si\u0119 do odczytu maszynowego (np. w formacie .csv) oraz przes\u0142a\u0107 te dane innemu administratorowi bez przeszk\u00f3d ze strony Administratora, je\u017celi przetwarzanie odbywa si\u0119 na podstawie zgody U\u017cytkownika lub zawartej z Administratorem umowy, a tak\u017ce gdy przetwarzanie jest wykonywane w spos\u00f3b zautomatyzowany;<\/li><li class=\"li2\">\u017c\u0105da\u0107 od Administratora, aby w ramach wykonywania prawa przenoszenia danych osobowych, Administrator przes\u0142a\u0142 te dane do innego administratora, o ile jest to technicznie mo\u017cliwe;<\/li><\/ol><ul class=\"ul1\"><li class=\"li2\">prawo do wniesienia w dowolnym momencie sprzeciwu wobec przetwarzania danych osobowych na potrzeby marketingu bezpo\u015bredniego, w tym profilowania w zakresie, w jakim przetwarzanie jest zwi\u0105zane z takim marketingiem bezpo\u015brednim,<\/li><li class=\"li2\">prawo do wniesienia skargi do organu nadzorczego w przypadkach uznania przez U\u017cytkownika, \u017ce przetwarzanie jego danych przez Administratora narusza przepisy RODO, U\u017cytkownikowi przys\u0142uguje prawo wniesienia skargi do Prezesa Urz\u0119du Ochrony Danych Osobowych z siedzib\u0105 w Warszawie.<\/li><\/ul><p>\u00a0<\/p><p>16. Dane osobowe U\u017cytkownik\u00f3w przetwarzane w celach marketingowych b\u0119d\u0105 podlega\u0142y zautomatyzowanym procesom podejmowania decyzji, w tym mog\u0105 by\u0107 profilowane. Celem tych dzia\u0142a\u0144 b\u0119dzie lepsze dopasowanie oferty marketingowej do oczekiwa\u0144 U\u017cytkownik\u00f3w, co umo\u017cliwi ograniczenie wysy\u0142ki informacji i ofert marketingowych nieprzydatnych danemu U\u017cytkownikowi.<\/p><p>17. Administrator stosuje odpowiednie \u015brodki bezpiecze\u0144stwa maj\u0105ce na celu ochron\u0119 danych osobowych U\u017cytkownik\u00f3w, w szczeg\u00f3lno\u015bci poprzez szyfrowanie komunikacji pomi\u0119dzy urz\u0105dzeniem U\u017cytkownika a serwerem Administratora podczas zbierania danych osobowych.<\/p><p>18. Polityka prywatno\u015bci obowi\u0105zuje od dnia opublikowania jej w Aplikacji Mobilnej. W przypadku pyta\u0144 dotycz\u0105cych niniejszej polityki prywatno\u015bci lub przetwarzania danych w aplikacji, u\u017cytkownicy mog\u0105 kontaktowa\u0107 si\u0119 z Administratorem aplikacji.<\/p><p>19. Zmiana Polityki prywatno\u015bci nie ma wp\u0142ywu na prawa i obowi\u0105zki stron, ani inne okoliczno\u015bci, maj\u0105ce miejsce przed wej\u015bciem zmiany w \u017cycie, chyba \u017ce co innego wynika z przepis\u00f3w powszechnie obowi\u0105zuj\u0105cego prawa.<\/p>\t\t\t\t\t\t<\/div>\n\t\t\t\t<\/div>\n\t\t\t\t<\/div>\n\t\t\t\t\t<\/div>\n\t\t\t\t<\/div>\n\t\t\t\t<\/div>","protected":false},"excerpt":{"rendered":"<p>Polityka prywatno\u015bci Niniejszy dokument, nazywany dalej \u201ePolityk\u0105 Prywatno\u015bci&#8221;, okre\u015bla zasady i zakres przetwarzania i ochrony danych osobowych przekazanych przez U\u017cytkownik\u00f3w (osoby korzystaj\u0105ce z Aplikacji Mobilnej Chcemy By\u0107 Sob\u0105), prawa przys\u0142uguj\u0105ce U\u017cytkownikom oraz obowi\u0105zki Administratora jako Administratora danych osobowych. W\u0142a\u015bcicielem i administratorem danych osobowych U\u017cytkownik\u00f3w jest Towarzystwo T\u0142umaczy i Wyk\u0142adowc\u00f3w J\u0119zyka Migowego GEST z siedzib\u0105 w [&hellip;]<\/p>","protected":false},"author":1,"featured_media":0,"parent":0,"menu_order":0,"comment_status":"closed","ping_status":"closed","template":"","meta":{"footnotes":""},"class_list":["post-2777","page","type-page","status-publish","hentry"],"_links":{"self":[{"href":"https:\/\/chcemybycsoba.eu\/en\/wp-json\/wp\/v2\/pages\/2777"}],"collection":[{"href":"https:\/\/chcemybycsoba.eu\/en\/wp-json\/wp\/v2\/pages"}],"about":[{"href":"https:\/\/chcemybycsoba.eu\/en\/wp-json\/wp\/v2\/types\/page"}],"author":[{"embeddable":true,"href":"https:\/\/chcemybycsoba.eu\/en\/wp-json\/wp\/v2\/users\/1"}],"replies":[{"embeddable":true,"href":"https:\/\/chcemybycsoba.eu\/en\/wp-json\/wp\/v2\/comments?post=2777"}],"version-history":[{"count":13,"href":"https:\/\/chcemybycsoba.eu\/en\/wp-json\/wp\/v2\/pages\/2777\/revisions"}],"predecessor-version":[{"id":2795,"href":"https:\/\/chcemybycsoba.eu\/en\/wp-json\/wp\/v2\/pages\/2777\/revisions\/2795"}],"wp:attachment":[{"href":"https:\/\/chcemybycsoba.eu\/en\/wp-json\/wp\/v2\/media?parent=2777"}],"curies":[{"name":"wp","href":"https:\/\/api.w.org\/{rel}","templated":true}]}}