{"id":2807,"date":"2024-12-30T09:31:39","date_gmt":"2024-12-30T09:31:39","guid":{"rendered":"https:\/\/chcemybycsoba.eu\/?page_id=2807"},"modified":"2025-01-09T13:53:00","modified_gmt":"2025-01-09T13:53:00","slug":"film-osoby-w-spektrum-autyzmu","status":"publish","type":"page","link":"https:\/\/chcemybycsoba.eu\/en\/film-osoby-w-spektrum-autyzmu\/","title":{"rendered":"Osoby w spektrum autyzmu &#8211; Spot"},"content":{"rendered":"<div data-elementor-type=\"wp-page\" data-elementor-id=\"2807\" class=\"elementor elementor-2807\" data-elementor-post-type=\"page\">\n\t\t\t\t<div class=\"elementor-element elementor-element-853c927 e-flex e-con-boxed e-con e-parent\" data-id=\"853c927\" data-element_type=\"container\" data-settings=\"{&quot;background_background&quot;:&quot;gradient&quot;}\">\n\t\t\t\t\t<div class=\"e-con-inner\">\n\t\t<div class=\"elementor-element elementor-element-3e37631 e-con-full e-flex e-con e-child\" data-id=\"3e37631\" data-element_type=\"container\">\n\t\t<div class=\"elementor-element elementor-element-da89836 e-con-full e-flex e-con e-child\" data-id=\"da89836\" data-element_type=\"container\">\n\t\t\t\t<div class=\"elementor-element elementor-element-bcea826 elementor-hidden-desktop elementor-hidden-tablet elementor-hidden-mobile elementor-view-default elementor-widget elementor-widget-icon\" data-id=\"bcea826\" data-element_type=\"widget\" data-widget_type=\"icon.default\">\n\t\t\t\t<div class=\"elementor-widget-container\">\n\t\t\t\t\t<div class=\"elementor-icon-wrapper\">\n\t\t\t<div class=\"elementor-icon\">\n\t\t\t<svg xmlns=\"http:\/\/www.w3.org\/2000\/svg\" width=\"46\" height=\"38\" viewbox=\"0 0 46 38\" fill=\"none\"><path d=\"M33.5 35.1752H44V31.0502C43.9999 29.7643 43.5919 28.5103 42.8327 27.4627C42.0735 26.4151 41.0008 25.6258 39.7638 25.2045C38.5267 24.7833 37.1868 24.751 35.9302 25.1123C34.6737 25.4735 33.5629 26.2102 32.7524 27.2201M33.5 35.1752H12.5M33.5 35.1752V31.0502C33.5 29.6972 33.2354 28.404 32.7524 27.2201M32.7524 27.2201C31.9726 25.306 30.6267 23.6653 28.8884 22.5096C27.1501 21.3539 25.0991 20.7362 23 20.7362C20.9009 20.7362 18.8499 21.3539 17.1116 22.5096C15.3733 23.6653 14.0274 25.306 13.2476 27.2201M12.5 35.1752H2V31.0502C2.0001 29.7643 2.4081 28.5103 3.16731 27.4627C3.92651 26.4151 4.99919 25.6258 6.23623 25.2045C7.47326 24.7833 8.81319 24.751 10.0697 25.1123C11.3263 25.4735 12.4371 26.2102 13.2476 27.2201M12.5 35.1752V31.0502C12.5 29.6972 12.7646 28.404 13.2476 27.2201M29.3 8.36267C29.3 10.0037 28.6363 11.5775 27.4548 12.7379C26.2733 13.8983 24.6709 14.5502 23 14.5502C21.3291 14.5502 19.7267 13.8983 18.5452 12.7379C17.3637 11.5775 16.7 10.0037 16.7 8.36267C16.7 6.72164 17.3637 5.14783 18.5452 3.98745C19.7267 2.82707 21.3291 2.17517 23 2.17517C24.6709 2.17517 26.2733 2.82707 27.4548 3.98745C28.6363 5.14783 29.3 6.72164 29.3 8.36267ZM41.9 14.5502C41.9 15.6442 41.4575 16.6934 40.6698 17.467C39.8822 18.2406 38.8139 18.6752 37.7 18.6752C36.5861 18.6752 35.5178 18.2406 34.7302 17.467C33.9425 16.6934 33.5 15.6442 33.5 14.5502C33.5 13.4562 33.9425 12.4069 34.7302 11.6334C35.5178 10.8598 36.5861 10.4252 37.7 10.4252C38.8139 10.4252 39.8822 10.8598 40.6698 11.6334C41.4575 12.4069 41.9 13.4562 41.9 14.5502ZM12.5 14.5502C12.5 15.6442 12.0575 16.6934 11.2698 17.467C10.4822 18.2406 9.41391 18.6752 8.3 18.6752C7.18609 18.6752 6.1178 18.2406 5.33015 17.467C4.5425 16.6934 4.1 15.6442 4.1 14.5502C4.1 13.4562 4.5425 12.4069 5.33015 11.6334C6.1178 10.8598 7.18609 10.4252 8.3 10.4252C9.41391 10.4252 10.4822 10.8598 11.2698 11.6334C12.0575 12.4069 12.5 13.4562 12.5 14.5502Z\" stroke=\"#1E458D\" stroke-width=\"4\" stroke-linecap=\"round\" stroke-linejoin=\"round\"><\/path><\/svg>\t\t\t<\/div>\n\t\t<\/div>\n\t\t\t\t<\/div>\n\t\t\t\t<\/div>\n\t\t\t\t<\/div>\n\t\t\t\t<\/div>\n\t\t\t\t\t<\/div>\n\t\t\t\t<\/div>\n\t\t<div class=\"elementor-element elementor-element-2f90ee7 e-flex e-con-boxed e-con e-parent\" data-id=\"2f90ee7\" data-element_type=\"container\" data-settings=\"{&quot;background_background&quot;:&quot;gradient&quot;}\">\n\t\t\t\t\t<div class=\"e-con-inner\">\n\t\t<div class=\"elementor-element elementor-element-7490d30 e-con-full e-flex e-con e-child\" data-id=\"7490d30\" data-element_type=\"container\">\n\t\t\t\t<div class=\"elementor-element elementor-element-3446506 elementor-widget elementor-widget-heading\" data-id=\"3446506\" data-element_type=\"widget\" data-widget_type=\"heading.default\">\n\t\t\t\t<div class=\"elementor-widget-container\">\n\t\t\t<style>\/*! elementor - v3.23.0 - 05-08-2024 *\/\n.elementor-heading-title{padding:0;margin:0;line-height:1}.elementor-widget-heading .elementor-heading-title[class*=elementor-size-]>a{color:inherit;font-size:inherit;line-height:inherit}.elementor-widget-heading .elementor-heading-title.elementor-size-small{font-size:15px}.elementor-widget-heading .elementor-heading-title.elementor-size-medium{font-size:19px}.elementor-widget-heading .elementor-heading-title.elementor-size-large{font-size:29px}.elementor-widget-heading .elementor-heading-title.elementor-size-xl{font-size:39px}.elementor-widget-heading .elementor-heading-title.elementor-size-xxl{font-size:59px}<\/style><h2 class=\"elementor-heading-title elementor-size-default\">Spot filmowy<\/h2>\t\t<\/div>\n\t\t\t\t<\/div>\n\t\t\t\t<div class=\"elementor-element elementor-element-677a1e8 elementor-widget elementor-widget-text-editor\" data-id=\"677a1e8\" data-element_type=\"widget\" data-widget_type=\"text-editor.default\">\n\t\t\t\t<div class=\"elementor-widget-container\">\n\t\t\t<style>\/*! elementor - v3.23.0 - 05-08-2024 *\/\n.elementor-widget-text-editor.elementor-drop-cap-view-stacked .elementor-drop-cap{background-color:#69727d;color:#fff}.elementor-widget-text-editor.elementor-drop-cap-view-framed .elementor-drop-cap{color:#69727d;border:3px solid;background-color:transparent}.elementor-widget-text-editor:not(.elementor-drop-cap-view-default) .elementor-drop-cap{margin-top:8px}.elementor-widget-text-editor:not(.elementor-drop-cap-view-default) .elementor-drop-cap-letter{width:1em;height:1em}.elementor-widget-text-editor .elementor-drop-cap{float:left;text-align:center;line-height:1;font-size:50px}.elementor-widget-text-editor .elementor-drop-cap-letter{display:inline-block}<\/style>\t\t\t\t<p><span style=\"white-space-collapse: preserve;\">Obejrzyj film o niepe\u0142nosprawno\u015bci z t\u0142umaczeniem PJM<\/span><\/p>\t\t\t\t\t\t<\/div>\n\t\t\t\t<\/div>\n\t\t\t\t<\/div>\n\t\t<div class=\"elementor-element elementor-element-233d01e e-con-full e-flex e-con e-child\" data-id=\"233d01e\" data-element_type=\"container\">\n\t\t\t\t<div class=\"elementor-element elementor-element-c0efeb2 elementor-widget elementor-widget-video\" data-id=\"c0efeb2\" data-element_type=\"widget\" data-settings=\"{&quot;youtube_url&quot;:&quot;https:\\\/\\\/www.youtube.com\\\/watch?v=MTXBSz5cLXo&quot;,&quot;video_type&quot;:&quot;youtube&quot;,&quot;controls&quot;:&quot;yes&quot;}\" data-widget_type=\"video.default\">\n\t\t\t\t<div class=\"elementor-widget-container\">\n\t\t\t<style>\/*! elementor - v3.23.0 - 05-08-2024 *\/\n.elementor-widget-video .elementor-widget-container{overflow:hidden;transform:translateZ(0)}.elementor-widget-video .elementor-wrapper{aspect-ratio:var(--video-aspect-ratio)}.elementor-widget-video .elementor-wrapper iframe,.elementor-widget-video .elementor-wrapper video{height:100%;width:100%;display:flex;border:none;background-color:#000}@supports not (aspect-ratio:1\/1){.elementor-widget-video .elementor-wrapper{position:relative;overflow:hidden;height:0;padding-bottom:calc(100% \/ var(--video-aspect-ratio))}.elementor-widget-video .elementor-wrapper iframe,.elementor-widget-video .elementor-wrapper video{position:absolute;top:0;right:0;bottom:0;left:0}}.elementor-widget-video .elementor-open-inline .elementor-custom-embed-image-overlay{position:absolute;top:0;right:0;bottom:0;left:0;background-size:cover;background-position:50%}.elementor-widget-video .elementor-custom-embed-image-overlay{cursor:pointer;text-align:center}.elementor-widget-video .elementor-custom-embed-image-overlay:hover .elementor-custom-embed-play i{opacity:1}.elementor-widget-video .elementor-custom-embed-image-overlay img{display:block;width:100%;aspect-ratio:var(--video-aspect-ratio);-o-object-fit:cover;object-fit:cover;-o-object-position:center center;object-position:center center}@supports not (aspect-ratio:1\/1){.elementor-widget-video .elementor-custom-embed-image-overlay{position:relative;overflow:hidden;height:0;padding-bottom:calc(100% \/ var(--video-aspect-ratio))}.elementor-widget-video .elementor-custom-embed-image-overlay img{position:absolute;top:0;right:0;bottom:0;left:0}}.elementor-widget-video .e-hosted-video .elementor-video{-o-object-fit:cover;object-fit:cover}.e-con-inner>.elementor-widget-video,.e-con>.elementor-widget-video{width:var(--container-widget-width);--flex-grow:var(--container-widget-flex-grow)}<\/style>\t\t<div class=\"elementor-wrapper elementor-open-inline\">\n\t\t\t<div class=\"elementor-video\"><\/div>\t\t<\/div>\n\t\t\t\t<\/div>\n\t\t\t\t<\/div>\n\t\t\t\t<\/div>\n\t\t<div class=\"elementor-element elementor-element-e7b7e75 e-con-full e-flex e-con e-child\" data-id=\"e7b7e75\" data-element_type=\"container\">\n\t\t\t\t<div class=\"elementor-element elementor-element-96275d4 elementor-widget elementor-widget-heading\" data-id=\"96275d4\" data-element_type=\"widget\" data-widget_type=\"heading.default\">\n\t\t\t\t<div class=\"elementor-widget-container\">\n\t\t\t<h2 class=\"elementor-heading-title elementor-size-default\">Wersja z audiodeskrypcj\u0105<\/h2>\t\t<\/div>\n\t\t\t\t<\/div>\n\t\t\t\t<\/div>\n\t\t<div class=\"elementor-element elementor-element-553fbdc e-con-full e-flex e-con e-child\" data-id=\"553fbdc\" data-element_type=\"container\">\n\t\t\t\t<div class=\"elementor-element elementor-element-058ce62 elementor-widget elementor-widget-video\" data-id=\"058ce62\" data-element_type=\"widget\" data-settings=\"{&quot;video_type&quot;:&quot;vimeo&quot;}\" data-widget_type=\"video.default\">\n\t\t\t\t<div class=\"elementor-widget-container\">\n\t\t\t\t\t<div class=\"elementor-wrapper elementor-open-inline\">\n\t\t\t<iframe class=\"elementor-video-iframe\" allowfullscreen allow=\"clipboard-write\" title=\" Odtwarzacz video vimeo\" src=\"https:\/\/player.vimeo.com\/video\/1042603584?color&amp;autopause=0&amp;loop=0&amp;muted=0&amp;title=1&amp;portrait=1&amp;byline=1&amp;h=2e04334e03#t=\"><\/iframe>\t\t<\/div>\n\t\t\t\t<\/div>\n\t\t\t\t<\/div>\n\t\t\t\t<\/div>\n\t\t<div class=\"elementor-element elementor-element-4dc3610 e-con-full e-flex e-con e-child\" data-id=\"4dc3610\" data-element_type=\"container\">\n\t\t\t\t<div class=\"elementor-element elementor-element-6feedd7 elementor-align-center elementor-widget elementor-widget-button\" data-id=\"6feedd7\" data-element_type=\"widget\" data-widget_type=\"button.default\">\n\t\t\t\t<div class=\"elementor-widget-container\">\n\t\t\t\t\t<div class=\"elementor-button-wrapper\">\n\t\t\t<a class=\"elementor-button elementor-button-link elementor-size-sm\" href=\"https:\/\/chcemybycsoba.eu\/en\/osoby-w-spektrum-autyzmu\/\">\n\t\t\t\t\t\t<span class=\"elementor-button-content-wrapper\">\n\t\t\t\t\t\t\t\t\t<span class=\"elementor-button-text\">Dowiedz si\u0119 wi\u0119cej o tej niepe\u0142nosprawno\u015bci ><\/span>\n\t\t\t\t\t<\/span>\n\t\t\t\t\t<\/a>\n\t\t<\/div>\n\t\t\t\t<\/div>\n\t\t\t\t<\/div>\n\t\t\t\t<\/div>\n\t\t\t\t\t<\/div>\n\t\t\t\t<\/div>\n\t\t\t\t<\/div>","protected":false},"excerpt":{"rendered":"<p>Spot filmowy Obejrzyj film o niepe\u0142nosprawno\u015bci z t\u0142umaczeniem PJM https:\/\/www.youtube.com\/watch?v=MTXBSz5cLXo Wersja z audiodeskrypcj\u0105 Dowiedz si\u0119 wi\u0119cej o tej niepe\u0142nosprawno\u015bci ><\/p>","protected":false},"author":1,"featured_media":0,"parent":0,"menu_order":0,"comment_status":"closed","ping_status":"closed","template":"","meta":{"footnotes":""},"class_list":["post-2807","page","type-page","status-publish","hentry"],"_links":{"self":[{"href":"https:\/\/chcemybycsoba.eu\/en\/wp-json\/wp\/v2\/pages\/2807"}],"collection":[{"href":"https:\/\/chcemybycsoba.eu\/en\/wp-json\/wp\/v2\/pages"}],"about":[{"href":"https:\/\/chcemybycsoba.eu\/en\/wp-json\/wp\/v2\/types\/page"}],"author":[{"embeddable":true,"href":"https:\/\/chcemybycsoba.eu\/en\/wp-json\/wp\/v2\/users\/1"}],"replies":[{"embeddable":true,"href":"https:\/\/chcemybycsoba.eu\/en\/wp-json\/wp\/v2\/comments?post=2807"}],"version-history":[{"count":7,"href":"https:\/\/chcemybycsoba.eu\/en\/wp-json\/wp\/v2\/pages\/2807\/revisions"}],"predecessor-version":[{"id":2827,"href":"https:\/\/chcemybycsoba.eu\/en\/wp-json\/wp\/v2\/pages\/2807\/revisions\/2827"}],"wp:attachment":[{"href":"https:\/\/chcemybycsoba.eu\/en\/wp-json\/wp\/v2\/media?parent=2807"}],"curies":[{"name":"wp","href":"https:\/\/api.w.org\/{rel}","templated":true}]}}